{"id":37,"date":"2024-03-21T17:37:55","date_gmt":"2024-03-21T16:37:55","guid":{"rendered":"https:\/\/royneumann.com\/web\/?page_id=37"},"modified":"2026-01-06T17:33:47","modified_gmt":"2026-01-06T16:33:47","slug":"draussen","status":"publish","type":"page","link":"https:\/\/royneumann.com\/web\/draussen\/","title":{"rendered":"Drau\u00dfen.Outside"},"content":{"rendered":"\n<div class=\"wp-block-uagb-container uagb-block-1c6c4d9b alignfull uagb-is-root-container\"><div class=\"uagb-container-inner-blocks-wrap\">\n<div class=\"wp-block-uagb-icon-list uagb-block-706a3985\"><div class=\"uagb-icon-list__wrap\">\n<div class=\"wp-block-uagb-icon-list-child uagb-block-54f541fe\"><a target=\"_blank\" aria-label=\"List item\" rel=\"noopener noreferrer\" href=\"https:\/\/open.spotify.com\/intl-de\/track\/03c2lEkg0LJkvAedxHVw15?si=91c8b7fdbafb4d41\"> <\/a><span class=\"uagb-icon-list__source-wrap\"><svg xmlns=\"https:\/\/www.w3.org\/2000\/svg\" viewBox=\"0 0 496 512\"><path d=\"M248 8C111.1 8 0 119.1 0 256s111.1 248 248 248 248-111.1 248-248S384.9 8 248 8zm100.7 364.9c-4.2 0-6.8-1.3-10.7-3.6-62.4-37.6-135-39.2-206.7-24.5-3.9 1-9 2.6-11.9 2.6-9.7 0-15.8-7.7-15.8-15.8 0-10.3 6.1-15.2 13.6-16.8 81.9-18.1 165.6-16.5 237 26.2 6.1 3.9 9.7 7.4 9.7 16.5s-7.1 15.4-15.2 15.4zm26.9-65.6c-5.2 0-8.7-2.3-12.3-4.2-62.5-37-155.7-51.9-238.6-29.4-4.8 1.3-7.4 2.6-11.9 2.6-10.7 0-19.4-8.7-19.4-19.4s5.2-17.8 15.5-20.7c27.8-7.8 56.2-13.6 97.8-13.6 64.9 0 127.6 16.1 177 45.5 8.1 4.8 11.3 11 11.3 19.7-.1 10.8-8.5 19.5-19.4 19.5zm31-76.2c-5.2 0-8.4-1.3-12.9-3.9-71.2-42.5-198.5-52.7-280.9-29.7-3.6 1-8.1 2.6-12.9 2.6-13.2 0-23.3-10.3-23.3-23.6 0-13.6 8.4-21.3 17.4-23.9 35.2-10.3 74.6-15.2 117.5-15.2 73 0 149.5 15.2 205.4 47.8 7.8 4.5 12.9 10.7 12.9 22.6 0 13.6-11 23.3-23.2 23.3z\"><\/path><\/svg><\/span><\/div>\n\n\n\n<div class=\"wp-block-uagb-icon-list-child uagb-block-7622c182\"><a target=\"_blank\" aria-label=\"List item\" rel=\"noopener noreferrer\" href=\"https:\/\/t4.kugou.com\/song.html?id=YBqF71CLV2   \"> <\/a><span class=\"uagb-icon-list__source-wrap\"><img decoding=\"async\" class=\"uagb-icon-list__source-image\" src=\"https:\/\/royneumann.com\/web\/wp-content\/uploads\/2024\/04\/kugou-weiss-30.png\" width=\"20\" height=\"20\" loading=\"lazy\" alt=\"\"\/><\/span><\/div>\n\n\n\n<div class=\"wp-block-uagb-icon-list-child uagb-block-b3e0abae\"><a target=\"_blank\" aria-label=\"List item\" rel=\"noopener noreferrer\" href=\"https:\/\/music.apple.com\/de\/artist\/roy-neumann\/1593245022\"> <\/a><span class=\"uagb-icon-list__source-wrap\"><svg xmlns=\"https:\/\/www.w3.org\/2000\/svg\" viewBox=\"0 0 384 512\"><path d=\"M318.7 268.7c-.2-36.7 16.4-64.4 50-84.8-18.8-26.9-47.2-41.7-84.7-44.6-35.5-2.8-74.3 20.7-88.5 20.7-15 0-49.4-19.7-76.4-19.7C63.3 141.2 4 184.8 4 273.5q0 39.3 14.4 81.2c12.8 36.7 59 126.7 107.2 125.2 25.2-.6 43-17.9 75.8-17.9 31.8 0 48.3 17.9 76.4 17.9 48.6-.7 90.4-82.5 102.6-119.3-65.2-30.7-61.7-90-61.7-91.9zm-56.6-164.2c27.3-32.4 24.8-61.9 24-72.5-24.1 1.4-52 16.4-67.9 34.9-17.5 19.8-27.8 44.3-25.6 71.9 26.1 2 49.9-11.4 69.5-34.3z\"><\/path><\/svg><\/span><\/div>\n\n\n\n<div class=\"wp-block-uagb-icon-list-child uagb-block-917714fc\"><a target=\"_blank\" aria-label=\"List item\" rel=\"noopener noreferrer\" href=\"https:\/\/music.amazon.com\/albums\/B0B35K5LGV\"> <\/a><span class=\"uagb-icon-list__source-wrap\"><svg xmlns=\"https:\/\/www.w3.org\/2000\/svg\" viewBox=\"0 0 448 512\"><path d=\"M257.2 162.7c-48.7 1.8-169.5 15.5-169.5 117.5 0 109.5 138.3 114 183.5 43.2 6.5 10.2 35.4 37.5 45.3 46.8l56.8-56S341 288.9 341 261.4V114.3C341 89 316.5 32 228.7 32 140.7 32 94 87 94 136.3l73.5 6.8c16.3-49.5 54.2-49.5 54.2-49.5 40.7-.1 35.5 29.8 35.5 69.1zm0 86.8c0 80-84.2 68-84.2 17.2 0-47.2 50.5-56.7 84.2-57.8v40.6zm136 163.5c-7.7 10-70 67-174.5 67S34.2 408.5 9.7 379c-6.8-7.7 1-11.3 5.5-8.3C88.5 415.2 203 488.5 387.7 401c7.5-3.7 13.3 2 5.5 12zm39.8 2.2c-6.5 15.8-16 26.8-21.2 31-5.5 4.5-9.5 2.7-6.5-3.8s19.3-46.5 12.7-55c-6.5-8.3-37-4.3-48-3.2-10.8 1-13 2-14-.3-2.3-5.7 21.7-15.5 37.5-17.5 15.7-1.8 41-.8 46 5.7 3.7 5.1 0 27.1-6.5 43.1z\"><\/path><\/svg><\/span><\/div>\n\n\n\n<div class=\"wp-block-uagb-icon-list-child uagb-block-470aa9da\"><a target=\"_blank\" aria-label=\"List item\" rel=\"noopener noreferrer\" href=\"https:\/\/deezer.page.link\/7hyMFk9A68RT1kpg9\"> <\/a><span class=\"uagb-icon-list__source-wrap\"><img decoding=\"async\" class=\"uagb-icon-list__source-image\" src=\"https:\/\/royneumann.com\/web\/wp-content\/uploads\/2024\/04\/deezer-herz-weiss.png\" width=\"20\" height=\"20\" loading=\"lazy\" alt=\"deezer-herz-weiss\"\/><\/span><\/div>\n\n\n\n<div class=\"wp-block-uagb-icon-list-child uagb-block-201146e5\"><a target=\"_blank\" aria-label=\"List item\" rel=\"noopener noreferrer\" href=\"https:\/\/www.instagram.com\/tv\/CccZGETvxaJ\/?utm_source=ig_web_copy_link&amp;igsh=MzRlODBiNWFlZA==\"> <\/a><span class=\"uagb-icon-list__source-wrap\"><svg xmlns=\"https:\/\/www.w3.org\/2000\/svg\" viewBox=\"0 0 448 512\"><path d=\"M224.1 141c-63.6 0-114.9 51.3-114.9 114.9s51.3 114.9 114.9 114.9S339 319.5 339 255.9 287.7 141 224.1 141zm0 189.6c-41.1 0-74.7-33.5-74.7-74.7s33.5-74.7 74.7-74.7 74.7 33.5 74.7 74.7-33.6 74.7-74.7 74.7zm146.4-194.3c0 14.9-12 26.8-26.8 26.8-14.9 0-26.8-12-26.8-26.8s12-26.8 26.8-26.8 26.8 12 26.8 26.8zm76.1 27.2c-1.7-35.9-9.9-67.7-36.2-93.9-26.2-26.2-58-34.4-93.9-36.2-37-2.1-147.9-2.1-184.9 0-35.8 1.7-67.6 9.9-93.9 36.1s-34.4 58-36.2 93.9c-2.1 37-2.1 147.9 0 184.9 1.7 35.9 9.9 67.7 36.2 93.9s58 34.4 93.9 36.2c37 2.1 147.9 2.1 184.9 0 35.9-1.7 67.7-9.9 93.9-36.2 26.2-26.2 34.4-58 36.2-93.9 2.1-37 2.1-147.8 0-184.8zM398.8 388c-7.8 19.6-22.9 34.7-42.6 42.6-29.5 11.7-99.5 9-132.1 9s-102.7 2.6-132.1-9c-19.6-7.8-34.7-22.9-42.6-42.6-11.7-29.5-9-99.5-9-132.1s-2.6-102.7 9-132.1c7.8-19.6 22.9-34.7 42.6-42.6 29.5-11.7 99.5-9 132.1-9s102.7-2.6 132.1 9c19.6 7.8 34.7 22.9 42.6 42.6 11.7 29.5 9 99.5 9 132.1s2.7 102.7-9 132.1z\"><\/path><\/svg><\/span><\/div>\n\n\n\n<div class=\"wp-block-uagb-icon-list-child uagb-block-76aff7d9\"><a target=\"_blank\" aria-label=\"List item\" rel=\"noopener noreferrer\" href=\"https:\/\/vm.tiktok.com\/ZGeUHjsph\/\"> <\/a><span class=\"uagb-icon-list__source-wrap\"><svg xmlns=\"https:\/\/www.w3.org\/2000\/svg\" viewBox=\"0 0 448 512\"><path d=\"M448 209.9a210.1 210.1 0 0 1 -122.8-39.25V349.4A162.6 162.6 0 1 1 185 188.3V278.2a74.62 74.62 0 1 0 52.23 71.18V0l88 0a121.2 121.2 0 0 0 1.86 22.17h0A122.2 122.2 0 0 0 381 102.4a121.4 121.4 0 0 0 67 20.14z\"><\/path><\/svg><\/span><\/div>\n\n\n\n<div class=\"wp-block-uagb-icon-list-child uagb-block-2f5be553\"><a target=\"_blank\" aria-label=\"List item\" rel=\"noopener noreferrer\" href=\"https:\/\/www.youtube.com\/@royneumannpiano920\"> <\/a><span class=\"uagb-icon-list__source-wrap\"><svg xmlns=\"https:\/\/www.w3.org\/2000\/svg\" viewBox=\"0 0 576 512\"><path d=\"M549.7 124.1c-6.281-23.65-24.79-42.28-48.28-48.6C458.8 64 288 64 288 64S117.2 64 74.63 75.49c-23.5 6.322-42 24.95-48.28 48.6-11.41 42.87-11.41 132.3-11.41 132.3s0 89.44 11.41 132.3c6.281 23.65 24.79 41.5 48.28 47.82C117.2 448 288 448 288 448s170.8 0 213.4-11.49c23.5-6.321 42-24.17 48.28-47.82 11.41-42.87 11.41-132.3 11.41-132.3s0-89.44-11.41-132.3zm-317.5 213.5V175.2l142.7 81.21-142.7 81.2z\"><\/path><\/svg><\/span><\/div>\n<\/div><\/div>\n<\/div><\/div>\n\n\n\n<div class=\"wp-block-uagb-container uagb-block-fc85cf4f alignfull uagb-is-root-container\"><div class=\"uagb-container-inner-blocks-wrap\">\n<h1 class=\"wp-block-heading has-text-align-center has-black-color has-text-color has-background has-link-color wp-elements-1beae2b297fb8e187ea2c1a465c6795e\" style=\"background-color:#ffffff78;text-transform:uppercase\">Drau\u00dfen . outside<\/h1>\n<\/div><\/div>\n\n\n\n<div class=\"wp-block-uagb-container uagb-block-f82e14d7 default uagb-is-root-container\">\n<div class=\"wp-block-uagb-container uagb-block-7ce5bd19 alignfull uagb-is-root-container\"><div class=\"uagb-container-inner-blocks-wrap\">\n<p class=\"has-text-align-right has-small-font-size\">Foto: Roy Neumann<\/p>\n\n\n\n<pre class=\"wp-block-verse\">Outside.<br>The unique collection.<br>Piano solos for all levels.<br><br>Images of nature transform into music and the joy of playing.<br>Find all pieces <a href=\"https:\/\/ko-fi.com\/royneumannpiano\/shop\/drau%C3%9Fen_outside\" target=\"_blank\" rel=\"noreferrer noopener\"><mark style=\"background-color:rgba(0, 0, 0, 0)\" class=\"has-inline-color has-vivid-red-color\">HERE<\/mark><\/a>. <br><br><br>Drau\u00dfen.<br>Die einzigartige Sammlung von Spielst\u00fccken.<br>Naturbilder werden zu Musik und Spielfreude.<br>F\u00fcr gro\u00dfe und kleine Leute.<br><br>Hervorgegangen aus der \"Deutsch-Franz\u00f6sischen Klavierschule\"<br>Alle St\u00fccke gibt es <a href=\"https:\/\/ko-fi.com\/royneumannpiano\/shop\/drau%C3%9Fen_outside\" target=\"_blank\" rel=\"noreferrer noopener\"><mark style=\"background-color:rgba(0, 0, 0, 0)\" class=\"has-inline-color has-vivid-red-color\">HIER<\/mark><\/a>.<br><br><a href=\"https:\/\/www.youtube.com\/playlist?list=PL6v1_7v-xeeoq-TAUNIDF1tYlRHtFv-fd\" target=\"_blank\" rel=\"noreferrer noopener\"><mark style=\"background-color:rgba(0, 0, 0, 0)\" class=\"has-inline-color has-vivid-red-color\">YOUTUBE Playlist<\/mark><\/a><br><br><a href=\"https:\/\/www.instagram.com\/draussen_outside?igsh=MWdpcXU1dW56dmI5cg==\"><mark style=\"background-color:rgba(0, 0, 0, 0)\" class=\"has-inline-color has-vivid-red-color\">Instagram\/@draussen_outside<\/mark><\/a><mark style=\"background-color:rgba(0, 0, 0, 0)\" class=\"has-inline-color has-vivid-red-color\"> <\/mark><br><br><\/pre>\n<\/div><\/div>\n<\/div>\n\n\n\n<p><\/p>\n\n\n\n<div class=\"wp-block-uagb-container uagb-block-3f793d65 alignfull uagb-is-root-container\"><div class=\"uagb-container-inner-blocks-wrap\">\n<div class=\"wp-block-uagb-container uagb-block-417dc5bb\">\n<figure class=\"wp-block-embed is-type-video is-provider-youtube wp-block-embed-youtube wp-embed-aspect-16-9 wp-has-aspect-ratio\"><div class=\"wp-block-embed__wrapper\">\n<p class=\"responsive-video-wrap clr\"><iframe loading=\"lazy\" title=\"&quot;Der Luchs&quot; - &quot;The Lynx&quot;  out of - Draussen.Outside- piano solos for all levels.\" width=\"1200\" height=\"675\" src=\"https:\/\/www.youtube.com\/embed\/ND5Cb7-aAvg?feature=oembed\" frameborder=\"0\" allow=\"accelerometer; autoplay; clipboard-write; encrypted-media; gyroscope; picture-in-picture; web-share\" referrerpolicy=\"strict-origin-when-cross-origin\" allowfullscreen><\/iframe><\/p>\n<\/div><\/figure>\n<\/div>\n\n\n\n<div class=\"wp-block-uagb-container uagb-block-e2bfdb85\">\n<figure class=\"wp-block-embed is-type-video is-provider-youtube wp-block-embed-youtube wp-embed-aspect-16-9 wp-has-aspect-ratio\"><div class=\"wp-block-embed__wrapper\">\n<p class=\"responsive-video-wrap clr\"><iframe loading=\"lazy\" title=\"&quot;Orcas&quot; - the piano solo song.\" width=\"1200\" height=\"675\" src=\"https:\/\/www.youtube.com\/embed\/gv5Ka35f4qs?start=61&#038;feature=oembed\" frameborder=\"0\" allow=\"accelerometer; autoplay; clipboard-write; encrypted-media; gyroscope; picture-in-picture; web-share\" referrerpolicy=\"strict-origin-when-cross-origin\" allowfullscreen><\/iframe><\/p>\n<\/div><\/figure>\n<\/div>\n\n\n\n<div class=\"wp-block-uagb-container uagb-block-501a5683\">\n<figure class=\"wp-block-embed is-type-video is-provider-youtube wp-block-embed-youtube wp-embed-aspect-16-9 wp-has-aspect-ratio\"><div class=\"wp-block-embed__wrapper\">\n<p class=\"responsive-video-wrap clr\"><iframe loading=\"lazy\" title=\"Die Ente - The Duck\" width=\"1200\" height=\"675\" src=\"https:\/\/www.youtube.com\/embed\/DfT8URtrTyI?feature=oembed\" frameborder=\"0\" allow=\"accelerometer; autoplay; clipboard-write; encrypted-media; gyroscope; picture-in-picture; web-share\" referrerpolicy=\"strict-origin-when-cross-origin\" allowfullscreen><\/iframe><\/p>\n<\/div><\/figure>\n<\/div>\n\n\n\n<div class=\"wp-block-uagb-container uagb-block-fca88184\">\n<figure class=\"wp-block-embed is-type-video is-provider-youtube wp-block-embed-youtube wp-embed-aspect-16-9 wp-has-aspect-ratio\"><div class=\"wp-block-embed__wrapper\">\n<p class=\"responsive-video-wrap clr\"><iframe loading=\"lazy\" title=\"&quot;Der Wolf&quot; - &quot;The Wolf&quot;  out of Draussen.Outside - piano solos for all levels.\" width=\"1200\" height=\"675\" src=\"https:\/\/www.youtube.com\/embed\/RJ-w6mW_xlw?feature=oembed\" frameborder=\"0\" allow=\"accelerometer; autoplay; clipboard-write; encrypted-media; gyroscope; picture-in-picture; web-share\" referrerpolicy=\"strict-origin-when-cross-origin\" allowfullscreen><\/iframe><\/p>\n<\/div><\/figure>\n<\/div>\n<\/div><\/div>\n","protected":false},"excerpt":{"rendered":"<p>Drau\u00dfen . outside Foto: Roy Neumann Outside.The unique collection.Piano solos for all levels.Images of nature transform into music and the joy of playing.Find all pieces HERE. Drau\u00dfen.Die einzigartige Sammlung von Spielst\u00fccken.Naturbilder werden zu Musik und Spielfreude.F\u00fcr gro\u00dfe und kleine Leute.Hervorgegangen aus der &#8222;Deutsch-Franz\u00f6sischen Klavierschule&#8220;Alle St\u00fccke gibt es HIER.YOUTUBE PlaylistInstagram\/@draussen_outside<\/p>\n","protected":false},"author":1,"featured_media":422,"parent":0,"menu_order":0,"comment_status":"closed","ping_status":"closed","template":"","meta":{"_uag_custom_page_level_css":"","ocean_post_layout":"","ocean_both_sidebars_style":"","ocean_both_sidebars_content_width":0,"ocean_both_sidebars_sidebars_width":0,"ocean_sidebar":"","ocean_second_sidebar":"","ocean_disable_margins":"on","ocean_add_body_class":"","ocean_shortcode_before_top_bar":"","ocean_shortcode_after_top_bar":"","ocean_shortcode_before_header":"","ocean_shortcode_after_header":"","ocean_has_shortcode":"","ocean_shortcode_after_title":"","ocean_shortcode_before_footer_widgets":"","ocean_shortcode_after_footer_widgets":"","ocean_shortcode_before_footer_bottom":"","ocean_shortcode_after_footer_bottom":"","ocean_display_top_bar":"default","ocean_display_header":"default","ocean_header_style":"","ocean_center_header_left_menu":"","ocean_custom_header_template":"","ocean_custom_logo":0,"ocean_custom_retina_logo":0,"ocean_custom_logo_max_width":0,"ocean_custom_logo_tablet_max_width":0,"ocean_custom_logo_mobile_max_width":0,"ocean_custom_logo_max_height":0,"ocean_custom_logo_tablet_max_height":0,"ocean_custom_logo_mobile_max_height":0,"ocean_header_custom_menu":"","ocean_menu_typo_font_family":"","ocean_menu_typo_font_subset":"","ocean_menu_typo_font_size":0,"ocean_menu_typo_font_size_tablet":0,"ocean_menu_typo_font_size_mobile":0,"ocean_menu_typo_font_size_unit":"px","ocean_menu_typo_font_weight":"","ocean_menu_typo_font_weight_tablet":"","ocean_menu_typo_font_weight_mobile":"","ocean_menu_typo_transform":"","ocean_menu_typo_transform_tablet":"","ocean_menu_typo_transform_mobile":"","ocean_menu_typo_line_height":0,"ocean_menu_typo_line_height_tablet":0,"ocean_menu_typo_line_height_mobile":0,"ocean_menu_typo_line_height_unit":"","ocean_menu_typo_spacing":0,"ocean_menu_typo_spacing_tablet":0,"ocean_menu_typo_spacing_mobile":0,"ocean_menu_typo_spacing_unit":"","ocean_menu_link_color":"","ocean_menu_link_color_hover":"","ocean_menu_link_color_active":"","ocean_menu_link_background":"","ocean_menu_link_hover_background":"","ocean_menu_link_active_background":"","ocean_menu_social_links_bg":"","ocean_menu_social_hover_links_bg":"","ocean_menu_social_links_color":"","ocean_menu_social_hover_links_color":"","ocean_disable_title":"default","ocean_disable_heading":"default","ocean_post_title":"","ocean_post_subheading":"","ocean_post_title_style":"","ocean_post_title_background_color":"","ocean_post_title_background":0,"ocean_post_title_bg_image_position":"","ocean_post_title_bg_image_attachment":"","ocean_post_title_bg_image_repeat":"","ocean_post_title_bg_image_size":"","ocean_post_title_height":0,"ocean_post_title_bg_overlay":0.5,"ocean_post_title_bg_overlay_color":"","ocean_disable_breadcrumbs":"default","ocean_breadcrumbs_color":"","ocean_breadcrumbs_separator_color":"","ocean_breadcrumbs_links_color":"","ocean_breadcrumbs_links_hover_color":"","ocean_display_footer_widgets":"default","ocean_display_footer_bottom":"default","ocean_custom_footer_template":"","footnotes":""},"class_list":["post-37","page","type-page","status-publish","has-post-thumbnail","hentry","entry","has-media"],"uagb_featured_image_src":{"full":["https:\/\/royneumann.com\/web\/wp-content\/uploads\/2025\/06\/20250420_175927x2-min-draussen.jpg",1600,2133,false],"thumbnail":["https:\/\/royneumann.com\/web\/wp-content\/uploads\/2025\/06\/20250420_175927x2-min-draussen-150x150.jpg",150,150,true],"medium":["https:\/\/royneumann.com\/web\/wp-content\/uploads\/2025\/06\/20250420_175927x2-min-draussen-225x300.jpg",225,300,true],"medium_large":["https:\/\/royneumann.com\/web\/wp-content\/uploads\/2025\/06\/20250420_175927x2-min-draussen-768x1024.jpg",768,1024,true],"large":["https:\/\/royneumann.com\/web\/wp-content\/uploads\/2025\/06\/20250420_175927x2-min-draussen-768x1024.jpg",768,1024,true],"1536x1536":["https:\/\/royneumann.com\/web\/wp-content\/uploads\/2025\/06\/20250420_175927x2-min-draussen-1152x1536.jpg",1152,1536,true],"2048x2048":["https:\/\/royneumann.com\/web\/wp-content\/uploads\/2025\/06\/20250420_175927x2-min-draussen-1536x2048.jpg",1536,2048,true],"ocean-thumb-m":["https:\/\/royneumann.com\/web\/wp-content\/uploads\/2025\/06\/20250420_175927x2-min-draussen-600x600.jpg",600,600,true],"ocean-thumb-ml":["https:\/\/royneumann.com\/web\/wp-content\/uploads\/2025\/06\/20250420_175927x2-min-draussen-800x450.jpg",800,450,true],"ocean-thumb-l":["https:\/\/royneumann.com\/web\/wp-content\/uploads\/2025\/06\/20250420_175927x2-min-draussen-1200x700.jpg",1200,700,true]},"uagb_author_info":{"display_name":"Nora Mieke","author_link":"https:\/\/royneumann.com\/web\/author\/admin-mieke\/"},"uagb_comment_info":0,"uagb_excerpt":"Drau\u00dfen . outside Foto: Roy Neumann Outside.The unique collection.Piano solos for all levels.Images of nature transform into music and the joy of playing.Find all pieces HERE. Drau\u00dfen.Die einzigartige Sammlung von Spielst\u00fccken.Naturbilder werden zu Musik und Spielfreude.F\u00fcr gro\u00dfe und kleine Leute.Hervorgegangen aus der \"Deutsch-Franz\u00f6sischen Klavierschule\"Alle St\u00fccke gibt es HIER.YOUTUBE PlaylistInstagram\/@draussen_outside","_links":{"self":[{"href":"https:\/\/royneumann.com\/web\/wp-json\/wp\/v2\/pages\/37","targetHints":{"allow":["GET"]}}],"collection":[{"href":"https:\/\/royneumann.com\/web\/wp-json\/wp\/v2\/pages"}],"about":[{"href":"https:\/\/royneumann.com\/web\/wp-json\/wp\/v2\/types\/page"}],"author":[{"embeddable":true,"href":"https:\/\/royneumann.com\/web\/wp-json\/wp\/v2\/users\/1"}],"replies":[{"embeddable":true,"href":"https:\/\/royneumann.com\/web\/wp-json\/wp\/v2\/comments?post=37"}],"version-history":[{"count":46,"href":"https:\/\/royneumann.com\/web\/wp-json\/wp\/v2\/pages\/37\/revisions"}],"predecessor-version":[{"id":530,"href":"https:\/\/royneumann.com\/web\/wp-json\/wp\/v2\/pages\/37\/revisions\/530"}],"wp:featuredmedia":[{"embeddable":true,"href":"https:\/\/royneumann.com\/web\/wp-json\/wp\/v2\/media\/422"}],"wp:attachment":[{"href":"https:\/\/royneumann.com\/web\/wp-json\/wp\/v2\/media?parent=37"}],"curies":[{"name":"wp","href":"https:\/\/api.w.org\/{rel}","templated":true}]}}