{"id":24,"date":"2024-03-21T17:17:47","date_gmt":"2024-03-21T16:17:47","guid":{"rendered":"https:\/\/royneumann.com\/web\/?page_id=24"},"modified":"2024-03-21T17:17:52","modified_gmt":"2024-03-21T16:17:52","slug":"datenschutzerklaerung-2","status":"publish","type":"page","link":"https:\/\/royneumann.com\/web\/datenschutzerklaerung-2\/","title":{"rendered":"Datenschutzerkl\u00e4rung"},"content":{"rendered":"\n<div class=\"wp-block-uagb-container uagb-block-7ce5bd19 alignfull uagb-is-root-container\"><div class=\"uagb-container-inner-blocks-wrap\">\n<h2 class=\"wp-block-heading has-text-align-center\">DATENSCHUTZ-ERKL\u00c4RUNG<\/h2>\n\n\n\n<div style=\"height:40px\" aria-hidden=\"true\" class=\"wp-block-spacer\"><\/div>\n\n\n\n<h2 class=\"wp-block-heading\">Webseitenbetreiber<\/h2>\n\n\n\n<p>Roy Neumann<br>Nonnenweierer Hauptstr. 18<br>77963 Schwanau<\/p>\n\n\n\n<p class=\"has-text-align-left\">Telefon:&nbsp;&nbsp; 07824 \u2013 54 202 36<br>Web:&nbsp;https:\/\/www.royneumann.de<br>E-Mail:&nbsp;schreiben (at) royneumann.de<\/p>\n\n\n\n<h2 class=\"wp-block-heading\">SSL-Verschl\u00fcsselung<\/h2>\n\n\n\n<p>Diese Seite nutzt die sichere SSL-Verschl\u00fcsselung.<\/p>\n\n\n\n<h2 class=\"wp-block-heading\">Cookies<\/h2>\n\n\n\n<p>Wir verwenden zur Betreibung der Webseite tempor\u00e4re, funktionale Cookies. Es werden dabei keinerlei pers\u00f6nliche Daten von Ihnen gespeichert.<\/p>\n\n\n\n<h2 class=\"wp-block-heading\">Statistik<\/h2>\n\n\n\n<p>Wir haben das datenschutzkonforme Plugin Statify im Einsatz. Es setzt keine Cookies. Die Datenschutzinformation von Statify: https:\/\/pluginkollektiv.org\/de\/plugins\/<\/p>\n\n\n\n<h2 class=\"wp-block-heading\">Eingebettete Inhalte fremder Webseiten<\/h2>\n\n\n\n<p>Artikel auf dieser Website k\u00f6nnen eingebettete Inhalte (z. B. Videos, Bilder, Artikel usw.) enthalten. Eingebettete Inhalte von anderen Websites verhalten sich genau so, als ob der Besucher die andere Website besucht h\u00e4tte.<\/p>\n\n\n\n<p>Diese Websites k\u00f6nnen Daten \u00fcber Sie sammeln, Cookies verwenden, zus\u00e4tzliches Tracking von Drittanbietern einbetten und Ihre Interaktion mit diesen eingebetteten Inhalten \u00fcberwachen, einschlie\u00dflich der Verfolgung Ihrer Interaktion mit den eingebetteten Inhalten, wenn Sie ein Konto haben und auf dieser Website angemeldet sind.<\/p>\n\n\n\n<p>Sie k\u00f6nnen diese Inhalte erst durch explizite Zustimmung laden. Dazu verwenden wir das Plugin Complianz. Alle Informationen finden Sie dazu in der Seite https:\/\/glueck-wunsch.de\/testimonial642a\/cookie-richtlinie-eu\/<\/p>\n\n\n\n<h2 class=\"wp-block-heading\">Newsletter \/ Ereignisbrief<\/h2>\n\n\n\n<p>Der Websitebetreiber bietet Ihnen einen Newsletter an, in welchem er Sie \u00fcber aktuelle Geschehnisse und Angebote informiert. M\u00f6chten Sie den Newsletter abonnieren, m\u00fcssen Sie eine valide E-Mail-Adresse angeben. Sie erkl\u00e4ren sich damit mit dem Newsletter-Empfang und den erl\u00e4uterten Verfahren einverstanden. Der Newsletterversand erfolgt durch mich. <\/p>\n\n\n\n<p>Widerruf und K\u00fcndigung: Ihre Einwilligung zum Erhalt des Newsletters k\u00f6nnen Sie jederzeit widerrufen und somit das Newsletter-Abonnement k\u00fcndigen. Nach Ihrer K\u00fcndigung erfolgt die L\u00f6schung Ihre personenbezogenen Daten. Ihre Einwilligung in den Newsletterversand erlischt gleichzeitig. Am Ende jedes Newsletters finden Sie den Link zur K\u00fcndigung.<\/p>\n\n\n\n<h2 class=\"wp-block-heading\">Personenbezogene Daten<\/h2>\n\n\n\n<p>Von den Besuchern unserer Website erhebe ich keine personenbezogenen Daten. Sofern eine betroffene Person per E-Mail den Kontakt mit uns aufnimmt, werden die&nbsp; personenbezogenen Daten gespeichert. Solche auf freiwilliger Basis \u00fcbermittelten personenbezogenen Daten werden f\u00fcr Zwecke der Bearbeitung oder der Kontaktaufnahme zur betroffenen Person gespeichert. Es erfolgt keine Weitergabe dieser Daten an Dritte. Sie haben jederzeit die M\u00f6glichkeit Auskunft \u00fcber diese Daten zu erhalten. Nach Ablauf der gesetzlichen Aufbewahrungsfrist werden die entsprechenden Daten routinem\u00e4\u00dfig gel\u00f6scht, sofern sie nicht mehr zur Vertragserf\u00fcllung oder Vertragsanbahnung, sowie zur Steuererkl\u00e4rung erforderlich sind.<\/p>\n\n\n\n<h2 class=\"wp-block-heading\">Auskunft, L\u00f6schung, Widerspruch<\/h2>\n\n\n\n<p>Sie haben jederzeit das Recht auf unentgeltliche Auskunft \u00fcber Ihre gespeicherten personenbezogenen Daten, deren Herkunft und Empf\u00e4nger und den Zweck der Datenverarbeitung sowie ein Recht auf Berichtigung, Sperrung oder L\u00f6schung dieser Daten. Hierzu sowie zu weiteren Fragen zum Thema personenbezogene Daten k\u00f6nnen Sie sich jederzeit unter der im Impressum angegebenen Adresse an uns wenden.<\/p>\n<\/div><\/div>\n","protected":false},"excerpt":{"rendered":"<p>DATENSCHUTZ-ERKL\u00c4RUNG Webseitenbetreiber Roy NeumannNonnenweierer Hauptstr. 1877963 Schwanau Telefon:&nbsp;&nbsp; 07824 \u2013 54 202 36Web:&nbsp;https:\/\/www.royneumann.deE-Mail:&nbsp;schreiben (at) royneumann.de SSL-Verschl\u00fcsselung Diese Seite nutzt die sichere SSL-Verschl\u00fcsselung. Cookies Wir verwenden zur Betreibung der Webseite tempor\u00e4re, funktionale Cookies. Es werden dabei keinerlei pers\u00f6nliche Daten von Ihnen gespeichert. Statistik Wir haben das datenschutzkonforme Plugin Statify im Einsatz. Es setzt keine Cookies. Die [&hellip;]<\/p>\n","protected":false},"author":1,"featured_media":0,"parent":0,"menu_order":0,"comment_status":"closed","ping_status":"closed","template":"","meta":{"_uag_custom_page_level_css":"","ocean_post_layout":"","ocean_both_sidebars_style":"","ocean_both_sidebars_content_width":0,"ocean_both_sidebars_sidebars_width":0,"ocean_sidebar":"","ocean_second_sidebar":"","ocean_disable_margins":"on","ocean_add_body_class":"","ocean_shortcode_before_top_bar":"","ocean_shortcode_after_top_bar":"","ocean_shortcode_before_header":"","ocean_shortcode_after_header":"","ocean_has_shortcode":"","ocean_shortcode_after_title":"","ocean_shortcode_before_footer_widgets":"","ocean_shortcode_after_footer_widgets":"","ocean_shortcode_before_footer_bottom":"","ocean_shortcode_after_footer_bottom":"","ocean_display_top_bar":"default","ocean_display_header":"default","ocean_header_style":"","ocean_center_header_left_menu":"","ocean_custom_header_template":"","ocean_custom_logo":0,"ocean_custom_retina_logo":0,"ocean_custom_logo_max_width":0,"ocean_custom_logo_tablet_max_width":0,"ocean_custom_logo_mobile_max_width":0,"ocean_custom_logo_max_height":0,"ocean_custom_logo_tablet_max_height":0,"ocean_custom_logo_mobile_max_height":0,"ocean_header_custom_menu":"","ocean_menu_typo_font_family":"","ocean_menu_typo_font_subset":"","ocean_menu_typo_font_size":0,"ocean_menu_typo_font_size_tablet":0,"ocean_menu_typo_font_size_mobile":0,"ocean_menu_typo_font_size_unit":"px","ocean_menu_typo_font_weight":"","ocean_menu_typo_font_weight_tablet":"","ocean_menu_typo_font_weight_mobile":"","ocean_menu_typo_transform":"","ocean_menu_typo_transform_tablet":"","ocean_menu_typo_transform_mobile":"","ocean_menu_typo_line_height":0,"ocean_menu_typo_line_height_tablet":0,"ocean_menu_typo_line_height_mobile":0,"ocean_menu_typo_line_height_unit":"","ocean_menu_typo_spacing":0,"ocean_menu_typo_spacing_tablet":0,"ocean_menu_typo_spacing_mobile":0,"ocean_menu_typo_spacing_unit":"","ocean_menu_link_color":"","ocean_menu_link_color_hover":"","ocean_menu_link_color_active":"","ocean_menu_link_background":"","ocean_menu_link_hover_background":"","ocean_menu_link_active_background":"","ocean_menu_social_links_bg":"","ocean_menu_social_hover_links_bg":"","ocean_menu_social_links_color":"","ocean_menu_social_hover_links_color":"","ocean_disable_title":"default","ocean_disable_heading":"default","ocean_post_title":"","ocean_post_subheading":"","ocean_post_title_style":"","ocean_post_title_background_color":"","ocean_post_title_background":0,"ocean_post_title_bg_image_position":"","ocean_post_title_bg_image_attachment":"","ocean_post_title_bg_image_repeat":"","ocean_post_title_bg_image_size":"","ocean_post_title_height":0,"ocean_post_title_bg_overlay":0.5,"ocean_post_title_bg_overlay_color":"","ocean_disable_breadcrumbs":"default","ocean_breadcrumbs_color":"","ocean_breadcrumbs_separator_color":"","ocean_breadcrumbs_links_color":"","ocean_breadcrumbs_links_hover_color":"","ocean_display_footer_widgets":"default","ocean_display_footer_bottom":"default","ocean_custom_footer_template":"","footnotes":""},"class_list":["post-24","page","type-page","status-publish","hentry","entry"],"uagb_featured_image_src":{"full":false,"thumbnail":false,"medium":false,"medium_large":false,"large":false,"1536x1536":false,"2048x2048":false,"ocean-thumb-m":false,"ocean-thumb-ml":false,"ocean-thumb-l":false},"uagb_author_info":{"display_name":"Nora Mieke","author_link":"https:\/\/royneumann.com\/web\/author\/admin-mieke\/"},"uagb_comment_info":0,"uagb_excerpt":"DATENSCHUTZ-ERKL\u00c4RUNG Webseitenbetreiber Roy NeumannNonnenweierer Hauptstr. 1877963 Schwanau Telefon:&nbsp;&nbsp; 07824 \u2013 54 202 36Web:&nbsp;https:\/\/www.royneumann.deE-Mail:&nbsp;schreiben (at) royneumann.de SSL-Verschl\u00fcsselung Diese Seite nutzt die sichere SSL-Verschl\u00fcsselung. Cookies Wir verwenden zur Betreibung der Webseite tempor\u00e4re, funktionale Cookies. Es werden dabei keinerlei pers\u00f6nliche Daten von Ihnen gespeichert. Statistik Wir haben das datenschutzkonforme Plugin Statify im Einsatz. Es setzt keine Cookies. Die&hellip;","_links":{"self":[{"href":"https:\/\/royneumann.com\/web\/wp-json\/wp\/v2\/pages\/24","targetHints":{"allow":["GET"]}}],"collection":[{"href":"https:\/\/royneumann.com\/web\/wp-json\/wp\/v2\/pages"}],"about":[{"href":"https:\/\/royneumann.com\/web\/wp-json\/wp\/v2\/types\/page"}],"author":[{"embeddable":true,"href":"https:\/\/royneumann.com\/web\/wp-json\/wp\/v2\/users\/1"}],"replies":[{"embeddable":true,"href":"https:\/\/royneumann.com\/web\/wp-json\/wp\/v2\/comments?post=24"}],"version-history":[{"count":1,"href":"https:\/\/royneumann.com\/web\/wp-json\/wp\/v2\/pages\/24\/revisions"}],"predecessor-version":[{"id":25,"href":"https:\/\/royneumann.com\/web\/wp-json\/wp\/v2\/pages\/24\/revisions\/25"}],"wp:attachment":[{"href":"https:\/\/royneumann.com\/web\/wp-json\/wp\/v2\/media?parent=24"}],"curies":[{"name":"wp","href":"https:\/\/api.w.org\/{rel}","templated":true}]}}